{"id":33,"date":"2026-04-20T15:33:19","date_gmt":"2026-04-20T13:33:19","guid":{"rendered":"https:\/\/mdostrategy.de\/index.php\/kontakt\/"},"modified":"2026-04-20T15:34:16","modified_gmt":"2026-04-20T13:34:16","slug":"kontakt","status":"publish","type":"page","link":"https:\/\/mdostrategy.de\/index.php\/kontakt\/","title":{"rendered":"Kontakt"},"content":{"rendered":"<section class=\"mdo-section\">\n<div class=\"mdo-shell mdo-grid-2\">\n<div>\n<div class=\"mdo-kicker\">Kontakt<\/div>\n<h1 class=\"mdo-title\">Lassen Sie uns \u00fcber Ihre Prozesse, Systeme und Engp\u00e4sse sprechen.<\/h1>\n<p class=\"mdo-copy\">Ein gutes Erstgespr\u00e4ch startet nicht mit Buzzwords, sondern mit Ihrer tats\u00e4chlichen Ausgangslage. Beschreiben Sie kurz, wo Komplexit\u00e4t entsteht, was aktuell bremst und welches Ziel Sie erreichen wollen.<\/p>\n<div class=\"mdo-actions\">\n        <a class=\"mdo-button mdo-button-primary\" href=\"mailto:kontakt@mdostrategy.de\">Projektanfrage senden<\/a>\n      <\/div>\n<\/p><\/div>\n<div class=\"mdo-card\">\n<h3>Hilfreich f\u00fcr die Anfrage<\/h3>\n<ul class=\"mdo-list\">\n<li>Welche Prozesse aktuell am meisten Zeit, Energie oder \u00dcbersicht kosten<\/li>\n<li>Welche Systeme oder Tools bereits genutzt werden<\/li>\n<li>Ob es prim\u00e4r um Analyse, Neustrukturierung oder Umsetzung geht<\/li>\n<li>Welcher zeitliche Rahmen realistisch ist<\/li>\n<\/ul>\n<div class=\"mdo-divider\"><\/div>\n<p class=\"mdo-small\">Kontakt: <a href=\"mailto:kontakt@mdostrategy.de\">kontakt@mdostrategy.de<\/a><\/p>\n<\/p><\/div>\n<\/p><\/div>\n<\/section>\n","protected":false},"excerpt":{"rendered":"<p>Kontakt Lassen Sie uns \u00fcber Ihre Prozesse, Systeme und Engp\u00e4sse sprechen. Ein gutes Erstgespr\u00e4ch startet nicht mit Buzzwords, sondern mit Ihrer tats\u00e4chlichen Ausgangslage. Beschreiben Sie kurz, wo Komplexit\u00e4t entsteht, was aktuell bremst und welches Ziel Sie erreichen wollen. Projektanfrage senden Hilfreich f\u00fcr die Anfrage Welche Prozesse aktuell am meisten Zeit, Energie oder \u00dcbersicht kosten Welche [&hellip;]<\/p>\n","protected":false},"author":3,"featured_media":0,"parent":0,"menu_order":4,"comment_status":"closed","ping_status":"closed","template":"page-no-title","meta":{"footnotes":""},"class_list":["post-33","page","type-page","status-publish","hentry"],"_links":{"self":[{"href":"https:\/\/mdostrategy.de\/index.php\/wp-json\/wp\/v2\/pages\/33","targetHints":{"allow":["GET"]}}],"collection":[{"href":"https:\/\/mdostrategy.de\/index.php\/wp-json\/wp\/v2\/pages"}],"about":[{"href":"https:\/\/mdostrategy.de\/index.php\/wp-json\/wp\/v2\/types\/page"}],"author":[{"embeddable":true,"href":"https:\/\/mdostrategy.de\/index.php\/wp-json\/wp\/v2\/users\/3"}],"replies":[{"embeddable":true,"href":"https:\/\/mdostrategy.de\/index.php\/wp-json\/wp\/v2\/comments?post=33"}],"version-history":[{"count":1,"href":"https:\/\/mdostrategy.de\/index.php\/wp-json\/wp\/v2\/pages\/33\/revisions"}],"predecessor-version":[{"id":44,"href":"https:\/\/mdostrategy.de\/index.php\/wp-json\/wp\/v2\/pages\/33\/revisions\/44"}],"wp:attachment":[{"href":"https:\/\/mdostrategy.de\/index.php\/wp-json\/wp\/v2\/media?parent=33"}],"curies":[{"name":"wp","href":"https:\/\/api.w.org\/{rel}","templated":true}]}}